{"id":277,"date":"2012-03-20T11:38:34","date_gmt":"2012-03-20T09:38:34","guid":{"rendered":"http:\/\/meiehaldur.ee\/?page_id=277"},"modified":"2023-03-13T16:33:54","modified_gmt":"2023-03-13T14:33:54","slug":"ajakirjast-2","status":"publish","type":"page","link":"https:\/\/meiehaldur.ee\/?page_id=277","title":{"rendered":"Ajakirjast"},"content":{"rendered":"<p><img loading=\"lazy\" decoding=\"async\" class=\"wp-image-1467 size-large alignleft\" src=\"https:\/\/meiehaldur.ee\/wp-content\/uploads\/2023\/03\/meie-haldur-1024x576.jpg\" alt=\"\" width=\"640\" height=\"360\" srcset=\"https:\/\/meiehaldur.ee\/wp-content\/uploads\/2023\/03\/meie-haldur-1024x576.jpg 1024w, https:\/\/meiehaldur.ee\/wp-content\/uploads\/2023\/03\/meie-haldur-300x169.jpg 300w, https:\/\/meiehaldur.ee\/wp-content\/uploads\/2023\/03\/meie-haldur-768x432.jpg 768w, https:\/\/meiehaldur.ee\/wp-content\/uploads\/2023\/03\/meie-haldur-1536x864.jpg 1536w, https:\/\/meiehaldur.ee\/wp-content\/uploads\/2023\/03\/meie-haldur.jpg 2048w\" sizes=\"auto, (max-width: 640px) 100vw, 640px\" \/><\/p>\n<p><strong>Pakume teile reklaampinda ajakirjas Meie Haldur. <\/strong><\/p>\n<p><strong>See on ajakiri, mille saadame k\u00f5ikide Tallinna linna korteri\u00fchistuste esimeestele.<\/strong><\/p>\n<p>Meie senine kogemus on n\u00e4idanud, et paljudel meie klientidel on \u00f5nnestunud t\u00e4nu sellele ajakirjale uusi kliente leida \u2013 tekib otsekontakt korteri\u00fchistuste esimeestega, kes sageli valivad tellimust\u00f6\u00f6de teostajaid just meie ajakirja vahendusel. Me saame abi pakkuda ka reklaami kujundamisel, reklaamtekstide toimetamisel.<\/p>\n<p>&nbsp;<\/p>\n<p>&nbsp;<\/p>\n<p><b>Miks valida Meie Haldur?<\/b><\/p>\n<p>\u25aa Sisaldab lisaks reklaamile ja infole originaalartikleid, mis on kirjutatud oma ala t\u00f5eliste professionaalide poolt;<br \/>\n\u25aa Ilmub tiraa\u017eiga 3700 eksemplari iga 2 kuu tagant ehk kokku 6 korda aastas;<br \/>\n\u25aa Arvestades ajakirja ilmumise regulaarsust v\u00f5ib teha eelneva tellimuse reklaamile kindlates numbrites;<br \/>\n\u25aa Levib kindlalt Omniva kaudu k\u00f5ikide Tallinna korteri\u00fchistute postkastidesse;<br \/>\n\u25aa Ajakirja saatmine reklaamiandjatele ja uue ajakirja ilmumisest teavitamine Interneti kaudu;<br \/>\n\u25aa Meie ajakirjas on allahindluste s\u00fcsteem p\u00fcsiklientide jaoks;<br \/>\n\u25aa Paralleelselt ajakirja tr\u00fckiversiooniga uueneb samasuguse perioodilisusega ka Meie Haldur Internetiversioon, kuhu v\u00f5ib samuti reklaami tellida ja artikleid paigutada;<br \/>\n\u25aa Reklaamartikli kirjutamise ja reklaammooduli kujunduse tellimise v\u00f5imalus;<br \/>\n\u25aa Kaasaegne kujundus, kvaliteetne tr\u00fckk, korteri\u00fchistute poolne kasvav huvi ajakirja vastu (ajakirja ei visata pr\u00fcgikasti koos muu reklaamiga);<br \/>\n\u25aa Info ja reklaami ajakiri korteri\u00fchistutele Meie Haldur pakub \u00f5igeaegset ja efektiivset infot korteri\u00fchistute juhatustele turul reaalselt tegutsevatest ettev\u00f5tetest, mis tegelevad kinnisvara hooldamise ja ehitusteenustega.<\/p>\n<p><span style=\"font-family: 'Franklin Gothic Heavy'; font-size: x-large;\"><strong><a href=\"mailto:info@meiehaldur.ee\">Telli reklaamipinda kohe!<\/a><\/strong><\/span><\/p>\n<h2>\u041e \u0436\u0443\u0440\u043d\u0430\u043b\u0435 Meie Haldur<\/h2>\n<p>\u25aa \u0416\u0443\u0440\u043d\u0430\u043b \u0441\u043e\u0434\u0435\u0440\u0436\u0438\u0442, \u043a\u0440\u043e\u043c\u0435 \u0440\u0435\u043a\u043b\u0430\u043c\u044b \u0438 \u0438\u043d\u0444\u043e\u0440\u043c\u0430\u0446\u0438\u0438, \u043e\u0440\u0438\u0433\u0438\u043d\u0430\u043b\u044c\u043d\u044b\u0435 \u0441\u0442\u0430\u0442\u044c\u0438, \u043d\u0430\u043f\u0438\u0441\u0430\u043d\u043d\u044b\u0435 \u0440\u0435\u0430\u043b\u044c\u043d\u044b\u043c\u0438 \u043f\u0440\u043e\u0444\u0435\u0441\u0441\u0438\u043e\u043d\u0430\u043b\u0430\u043c\u0438 \u0441\u0432\u043e\u0435\u0433\u043e \u0434\u0435\u043b\u0430;<br \/>\n\u25aa \u0412\u044b\u0445\u043e\u0434\u0438\u0442 \u0442\u0438\u0440\u0430\u0436\u043e\u043c 3 700 \u044d\u043a\u0437\u0435\u043c\u043f\u043b\u044f\u0440\u043e\u0432 \u043a\u0430\u0436\u0434\u044b\u0435 2 \u043c\u0435\u0441\u044f\u0446\u0430, \u0442.\u0435. 6 \u0440\u0430\u0437 \u0432 \u0433\u043e\u0434;<br \/>\n\u25aa \u0423\u0447\u0438\u0442\u044b\u0432\u0430\u044f \u0440\u0435\u0433\u0443\u043b\u044f\u0440\u043d\u043e\u0441\u0442\u044c \u0432\u044b\u0445\u043e\u0434\u0430 \u0436\u0443\u0440\u043d\u0430\u043b\u0430, \u043c\u043e\u0436\u043d\u043e \u0441\u0434\u0435\u043b\u0430\u0442\u044c \u043f\u0440\u0435\u0434\u0432\u0430\u0440\u0438\u0442\u0435\u043b\u044c\u043d\u044b\u0439 \u0437\u0430\u043a\u0430\u0437 \u043d\u0430 \u0440\u0435\u043a\u043b\u0430\u043c\u0443 \u0432 \u043e\u043f\u0440\u0435\u0434\u0435\u043b\u0435\u043d\u043d\u044b\u0445 \u043d\u043e\u043c\u0435\u0440\u0430\u0445.<br \/>\n\u25aa \u041d\u0430\u0434\u0435\u0436\u043d\u043e\u0435 \u0440\u0430\u0441\u043f\u0440\u043e\u0441\u0442\u0440\u0430\u043d\u0438\u0435\u043d\u0438\u0435 \u0436\u0443\u0440\u043d\u0430\u043b\u0430 \u0447\u0435\u0440\u0435\u0437 Omniva \u043f\u043e \u043f\u043e\u0447\u0442\u043e\u0432\u044b\u043c \u044f\u0449\u0438\u043a\u0430\u043c \u0432\u0441\u0435\u0445 \u043a\u0432\u0430\u0440\u0442\u0438\u0440\u043d\u044b\u0445 \u0442\u043e\u0432\u0430\u0440\u0438\u0449\u0435\u0441\u0442\u0432 \u0422\u0430\u043b\u043b\u0438\u043d\u043d\u0430;<br \/>\n\u25aa \u0420\u0430\u0441\u0441\u044b\u043b\u043a\u0430 \u0436\u0443\u0440\u043d\u0430\u043b\u0430 \u0440\u0435\u043a\u043b\u0430\u043c\u043e\u0434\u0430\u0442\u0435\u043b\u044f\u043c \u0438 \u0441\u043e\u043e\u0431\u0449\u0435\u043d\u0438\u0435 \u043e \u0432\u044b\u0445\u043e\u0434\u0435 \u043d\u043e\u0432\u043e\u0433\u043e \u0436\u0443\u0440\u043d\u0430\u043b\u0430 \u0447\u0435\u0440\u0435\u0437 \u0438\u043d\u0442\u0435\u0440\u043d\u0435\u0442;<br \/>\n\u25aa \u0421\u0438\u0441\u0442\u0435\u043c\u0430 \u0441\u043a\u0438\u0434\u043e\u043a \u0434\u043b\u044f \u043f\u043e\u0441\u0442\u043e\u044f\u043d\u043d\u044b\u0445 \u043a\u043b\u0438\u0435\u043d\u0442\u043e\u0432 \u0436\u0443\u0440\u043d\u0430\u043b\u0430;<br \/>\n\u25aa \u041f\u0430\u0440\u0430\u043b\u043b\u0435\u043b\u044c\u043d\u043e \u043f\u0435\u0447\u0430\u0442\u043d\u043e\u043c\u0443 \u0438\u0437\u0434\u0430\u043d\u0438\u044e \u0436\u0443\u0440\u043d\u0430\u043b\u0430 \u0441 \u0442\u043e\u0439 \u0436\u0435 \u043f\u0435\u0440\u0438\u043e\u0434\u0438\u0447\u043d\u043e\u0441\u0442\u044c\u044e \u043e\u0431\u043d\u043e\u0432\u043b\u044f\u0435\u0442\u0441\u044f \u0438\u043d\u0442\u0435\u0440\u043d\u0435\u0442-\u0432\u0435\u0440\u0441\u0438\u044f Meie Haldur, \u0433\u0434\u0435 \u0442\u0430\u043a\u0436\u0435 \u043c\u043e\u0436\u043d\u043e \u0434\u0430\u0442\u044c \u0440\u0435\u043a\u043b\u0430\u043c\u0443 \u0438 \u0440\u0430\u0437\u043c\u0435\u0441\u0442\u0438\u0442\u044c \u0441\u0442\u0430\u0442\u044c\u044e;<br \/>\n\u25aa \u0412\u043e\u0437\u043c\u043e\u0436\u043d\u043e\u0441\u0442\u044c \u0437\u0430\u043a\u0430\u0437\u0430\u0442\u044c \u043d\u0430\u043f\u0438\u0441\u0430\u043d\u0438\u0435 \u0440\u0435\u043a\u043b\u0430\u043c\u043d\u043e\u0439 \u0441\u0442\u0430\u0442\u044c\u0438 \u0438 \u0434\u0438\u0437\u0430\u0439\u043d \u0440\u0435\u043a\u043b\u0430\u043c\u043d\u043e\u0433\u043e \u043c\u043e\u0434\u0443\u043b\u044f;<br \/>\n\u25aa \u0421\u043e\u0432\u0440\u0435\u043c\u0435\u043d\u043d\u044b\u0439 \u0434\u0438\u0437\u0430\u0439\u043d, \u043a\u0430\u0447\u0435\u0441\u0442\u0432\u0435\u043d\u043d\u0430\u044f \u043f\u0435\u0447\u0430\u0442\u044c, \u0440\u0430\u0441\u0442\u0443\u0449\u0438\u0439 \u0438\u043d\u0442\u0435\u0440\u0435\u0441 \u043a \u0436\u0443\u0440\u043d\u0430\u043b\u0443 \u0441\u043e \u0441\u0442\u043e\u0440\u043e\u043d\u044b \u043a\u0432\u0430\u0440\u0442\u0438\u0440\u043d\u044b\u0445 \u0442\u043e\u0432\u0430\u0440\u0438\u0449\u0435\u0441\u0442\u0432 (\u0436\u0443\u0440\u043d\u0430\u043b \u043d\u0435 \u043b\u0435\u0442\u0438\u0442 \u0432 \u043c\u0443\u0441\u043e\u0440\u043d\u044b\u0439 \u044f\u0449\u0438\u043a \u0432\u043c\u0435\u0441\u0442\u0435 \u0441 \u0434\u0440\u0443\u0433\u043e\u0439 \u0440\u0435\u043a\u043b\u0430\u043c\u043e\u0439);<br \/>\n\u25aa \u0418\u043d\u0444\u043e\u0440\u043c\u0430\u0446\u0438\u043e\u043d\u043d\u043e-\u0440\u0435\u043a\u043b\u0430\u043c\u043d\u044b\u0439 \u0436\u0443\u0440\u043d\u0430\u043b \u0434\u043b\u044f \u043a\u0432\u0430\u0440\u0442\u0438\u0440\u043d\u044b\u0445 \u0442\u043e\u0432\u0430\u0440\u0438\u0449\u0435\u0441\u0442\u0432 Meie Haldur \u0441\u0432\u043e\u0435\u0432\u0440\u0435\u043c\u0435\u043d\u043d\u043e \u0438 \u044d\u0444\u0444\u0435\u043a\u0442\u0438\u0432\u043d\u043e \u0438\u043d\u0444\u043e\u0440\u043c\u0438\u0440\u0443\u0435\u0442 \u043f\u0440\u0430\u0432\u043b\u0435\u043d\u0438\u044f \u043a\u0432\u0430\u0440\u0442\u0438\u0440\u043d\u044b\u0445 \u0442\u043e\u0432\u0430\u0440\u0438\u0449\u0435\u0441\u0442\u0432 \u043e \u0440\u0435\u0430\u043b\u044c\u043d\u043e \u0434\u0435\u0439\u0441\u0442\u0432\u0443\u044e\u0449\u0438\u0445 \u043d\u0430 \u0440\u044b\u043d\u043a\u0435 \u043f\u0440\u0435\u0434\u043f\u0440\u044f\u0442\u0438\u044f\u0445, \u0437\u0430\u043d\u044f\u0442\u044b\u0445 \u043e\u0431\u0441\u043b\u0443\u0436\u0438\u0432\u0430\u043d\u0438\u0435\u043c \u043d\u0435\u0434\u0432\u0438\u0436\u0438\u043c\u043e\u0441\u0442\u0438 \u0438 \u0441\u0442\u0440\u043e\u0438\u0442\u0435\u043b\u044c\u043d\u044b\u043c\u0438 \u0443\u0441\u043b\u0443\u0433\u0430\u043c\u0438.<\/p>\n<p><span style=\"font-family: 'Franklin Gothic Heavy'; font-size: x-large;\"><strong><a href=\"mailto:info@meiehaldur.ee\">\u0417\u0430\u043a\u0430\u0436\u0438 \u0440\u0435\u043a\u043b\u0430\u043c\u043d\u0443\u044e \u043f\u043b\u043e\u0449\u0430\u0434\u044c \u0441\u0440\u0430\u0437\u0443!<\/a><\/strong><\/span><\/p>\n","protected":false},"excerpt":{"rendered":"<p>Pakume teile reklaampinda ajakirjas Meie Haldur. See on ajakiri, mille saadame k\u00f5ikide Tallinna linna korteri\u00fchistuste esimeestele. Meie senine kogemus on n\u00e4idanud, et paljudel meie klientidel on \u00f5nnestunud t\u00e4nu sellele ajakirjale uusi kliente leida \u2013 tekib otsekontakt korteri\u00fchistuste esimeestega, kes sageli valivad tellimust\u00f6\u00f6de teostajaid just meie ajakirja vahendusel. Me saame abi pakkuda ka reklaami kujundamisel, reklaamtekstide toimetamisel. &nbsp; &nbsp; Miks valida Meie Haldur? \u25aa Sisaldab lisaks reklaamile ja infole originaalartikleid, mis on kirjutatud oma ala t\u00f5eliste professionaalide poolt; \u25aa Ilmub tiraa\u017eiga 3700 eksemplari iga 2 kuu tagant ehk kokku 6 korda aastas; \u25aa Arvestades ajakirja ilmumise regulaarsust v\u00f5ib teha eelneva tellimuse reklaamile kindlates numbrites; \u25aa Levib kindlalt Omniva kaudu k\u00f5ikide Tallinna korteri\u00fchistute postkastidesse; \u25aa Ajakirja saatmine reklaamiandjatele ja uue ajakirja ilmumisest teavitamine Interneti kaudu; \u25aa Meie ajakirjas on allahindluste s\u00fcsteem p\u00fcsiklientide jaoks; \u25aa Paralleelselt ajakirja tr\u00fckiversiooniga uueneb samasuguse perioodilisusega ka Meie Haldur Internetiversioon, kuhu v\u00f5ib samuti reklaami tellida ja artikleid paigutada; [&hellip;]<\/p>\n","protected":false},"author":1,"featured_media":0,"parent":0,"menu_order":3,"comment_status":"closed","ping_status":"closed","template":"","meta":{"_monsterinsights_skip_tracking":false,"_monsterinsights_sitenote_active":false,"_monsterinsights_sitenote_note":"","_monsterinsights_sitenote_category":0,"_uf_show_specific_survey":0,"_uf_disable_surveys":false,"footnotes":""},"class_list":["post-277","page","type-page","status-publish","hentry"],"aioseo_notices":[],"_links":{"self":[{"href":"https:\/\/meiehaldur.ee\/index.php?rest_route=\/wp\/v2\/pages\/277","targetHints":{"allow":["GET"]}}],"collection":[{"href":"https:\/\/meiehaldur.ee\/index.php?rest_route=\/wp\/v2\/pages"}],"about":[{"href":"https:\/\/meiehaldur.ee\/index.php?rest_route=\/wp\/v2\/types\/page"}],"author":[{"embeddable":true,"href":"https:\/\/meiehaldur.ee\/index.php?rest_route=\/wp\/v2\/users\/1"}],"replies":[{"embeddable":true,"href":"https:\/\/meiehaldur.ee\/index.php?rest_route=%2Fwp%2Fv2%2Fcomments&post=277"}],"version-history":[{"count":58,"href":"https:\/\/meiehaldur.ee\/index.php?rest_route=\/wp\/v2\/pages\/277\/revisions"}],"predecessor-version":[{"id":1473,"href":"https:\/\/meiehaldur.ee\/index.php?rest_route=\/wp\/v2\/pages\/277\/revisions\/1473"}],"wp:attachment":[{"href":"https:\/\/meiehaldur.ee\/index.php?rest_route=%2Fwp%2Fv2%2Fmedia&parent=277"}],"curies":[{"name":"wp","href":"https:\/\/api.w.org\/{rel}","templated":true}]}}