{"id":265,"date":"2012-03-12T10:39:26","date_gmt":"2012-03-12T08:39:26","guid":{"rendered":"http:\/\/meiehaldur.ee\/?page_id=265"},"modified":"2024-09-13T13:08:30","modified_gmt":"2024-09-13T11:08:30","slug":"reklaam","status":"publish","type":"page","link":"https:\/\/meiehaldur.ee\/?page_id=265","title":{"rendered":"Reklaamiandjale"},"content":{"rendered":"<p>Kui teil on soov meie ajakirjas reklaami avaldada, siis k\u00fcsige julgelt ka meie hinnapakkumist.<br \/>\n\u00dchendust saate meiega v\u00f5tta telefonil 666\u201441\u201421 v\u00f5i meili teel <a href=\"mailto:info@meiehaldur.ee\">info at meiehaldur.ee<\/a>.<\/p>\n<p><iframe style=\"border: none; overflow: hidden; width: auto; height: auto;\" src=\"\/\/www.facebook.com\/plugins\/likebox.php?href=https%3A%2F%2Fwww.facebook.com%2Fmeiehaldur&amp;colorscheme=light&amp;show_faces=true&amp;header=false&amp;stream=true&amp;show_border=false\" frameborder=\"0\" scrolling=\"no\"><\/iframe><\/p>\n","protected":false},"excerpt":{"rendered":"<p>Kui teil on soov meie ajakirjas reklaami avaldada, siis k\u00fcsige julgelt ka meie hinnapakkumist. \u00dchendust saate meiega v\u00f5tta telefonil 666\u201441\u201421 v\u00f5i meili teel info at meiehaldur.ee.<\/p>\n","protected":false},"author":1,"featured_media":0,"parent":0,"menu_order":2,"comment_status":"closed","ping_status":"closed","template":"","meta":{"_monsterinsights_skip_tracking":false,"_monsterinsights_sitenote_active":false,"_monsterinsights_sitenote_note":"","_monsterinsights_sitenote_category":0,"_uf_show_specific_survey":0,"_uf_disable_surveys":false,"footnotes":""},"class_list":["post-265","page","type-page","status-publish","hentry"],"aioseo_notices":[],"_links":{"self":[{"href":"https:\/\/meiehaldur.ee\/index.php?rest_route=\/wp\/v2\/pages\/265","targetHints":{"allow":["GET"]}}],"collection":[{"href":"https:\/\/meiehaldur.ee\/index.php?rest_route=\/wp\/v2\/pages"}],"about":[{"href":"https:\/\/meiehaldur.ee\/index.php?rest_route=\/wp\/v2\/types\/page"}],"author":[{"embeddable":true,"href":"https:\/\/meiehaldur.ee\/index.php?rest_route=\/wp\/v2\/users\/1"}],"replies":[{"embeddable":true,"href":"https:\/\/meiehaldur.ee\/index.php?rest_route=%2Fwp%2Fv2%2Fcomments&post=265"}],"version-history":[{"count":42,"href":"https:\/\/meiehaldur.ee\/index.php?rest_route=\/wp\/v2\/pages\/265\/revisions"}],"predecessor-version":[{"id":1501,"href":"https:\/\/meiehaldur.ee\/index.php?rest_route=\/wp\/v2\/pages\/265\/revisions\/1501"}],"wp:attachment":[{"href":"https:\/\/meiehaldur.ee\/index.php?rest_route=%2Fwp%2Fv2%2Fmedia&parent=265"}],"curies":[{"name":"wp","href":"https:\/\/api.w.org\/{rel}","templated":true}]}}